{"id":603,"date":"2022-07-12T05:50:42","date_gmt":"2022-07-12T05:50:42","guid":{"rendered":"https:\/\/www.definetours.com\/?page_id=603"},"modified":"2022-12-08T20:45:15","modified_gmt":"2022-12-08T17:45:15","slug":"car-booking-form","status":"publish","type":"page","link":"https:\/\/www.definetours.com\/tr\/car-booking-form\/","title":{"rendered":"Ara\u00e7 Rezervasyon Formu"},"content":{"rendered":"<style>.elementor-603 .elementor-element.elementor-element-4af73d6:not(.elementor-motion-effects-element-type-background), .elementor-603 .elementor-element.elementor-element-4af73d6 > .elementor-motion-effects-container > .elementor-motion-effects-layer{background-color:#19194B;}.elementor-603 .elementor-element.elementor-element-4af73d6{transition:background 0.3s, border 0.3s, border-radius 0.3s, box-shadow 0.3s;padding:3em 0em 3em 0em;}.elementor-603 .elementor-element.elementor-element-4af73d6 > .elementor-background-overlay{transition:background 0.3s, border-radius 0.3s, opacity 0.3s;}.elementor-603 .elementor-element.elementor-element-2b4e510{text-align:center;}.elementor-603 .elementor-element.elementor-element-2b4e510 .elementor-heading-title{color:var( --e-global-color-b2db745 );}.elementor-603 .elementor-element.elementor-element-8976ea8{--divider-border-style:solid;--divider-color:var( --e-global-color-b2db745 );--divider-border-width:1px;}.elementor-603 .elementor-element.elementor-element-8976ea8 .elementor-divider-separator{width:8%;margin:0 auto;margin-center:0;}.elementor-603 .elementor-element.elementor-element-8976ea8 .elementor-divider{text-align:center;padding-block-start:15px;padding-block-end:15px;}.elementor-603 .elementor-element.elementor-element-38a9101{padding:4em 0em 4em 0em;}.elementor-widget .tippy-tooltip .tippy-content{text-align:center;}<\/style>\t\t<div data-elementor-type=\"wp-page\" data-elementor-id=\"603\" class=\"elementor elementor-603\">\n\t\t\t\t\t\t<section class=\"elementor-section elementor-top-section elementor-element elementor-element-4af73d6 elementor-section-boxed elementor-section-height-default elementor-section-height-default\" data-id=\"4af73d6\" data-element_type=\"section\" data-e-type=\"section\" data-settings=\"{&quot;background_background&quot;:&quot;classic&quot;}\">\n\t\t\t\t\t\t<div class=\"elementor-container elementor-column-gap-default\">\n\t\t\t\t\t<div class=\"elementor-column elementor-col-100 elementor-top-column elementor-element elementor-element-e715120\" data-id=\"e715120\" data-element_type=\"column\" data-e-type=\"column\">\n\t\t\t<div class=\"elementor-widget-wrap elementor-element-populated\">\n\t\t\t\t\t\t<div class=\"elementor-element elementor-element-2b4e510 elementor-widget elementor-widget-heading\" data-id=\"2b4e510\" data-element_type=\"widget\" data-e-type=\"widget\" data-widget_type=\"heading.default\">\n\t\t\t\t<div class=\"elementor-widget-container\">\n\t\t\t\t\t<h2 class=\"elementor-heading-title elementor-size-default\">Ara\u00e7 Kiralama<\/h2>\t\t\t\t<\/div>\n\t\t\t\t<\/div>\n\t\t\t\t<div class=\"elementor-element elementor-element-8976ea8 elementor-widget-divider--view-line elementor-widget elementor-widget-divider\" data-id=\"8976ea8\" data-element_type=\"widget\" data-e-type=\"widget\" data-widget_type=\"divider.default\">\n\t\t\t\t<div class=\"elementor-widget-container\">\n\t\t\t\t\t\t\t<div class=\"elementor-divider\">\n\t\t\t<span class=\"elementor-divider-separator\">\n\t\t\t\t\t\t<\/span>\n\t\t<\/div>\n\t\t\t\t\t\t<\/div>\n\t\t\t\t<\/div>\n\t\t\t\t\t<\/div>\n\t\t<\/div>\n\t\t\t\t\t<\/div>\n\t\t<\/section>\n\t\t\t\t<section class=\"elementor-section elementor-top-section elementor-element elementor-element-38a9101 elementor-section-boxed elementor-section-height-default elementor-section-height-default\" data-id=\"38a9101\" data-element_type=\"section\" data-e-type=\"section\">\n\t\t\t\t\t\t<div class=\"elementor-container elementor-column-gap-default\">\n\t\t\t\t\t<div class=\"elementor-column elementor-col-100 elementor-top-column elementor-element elementor-element-2350c99\" data-id=\"2350c99\" data-element_type=\"column\" data-e-type=\"column\">\n\t\t\t<div class=\"elementor-widget-wrap elementor-element-populated\">\n\t\t\t\t\t\t<div class=\"elementor-element elementor-element-9974b85 elementor-widget elementor-widget-shortcode\" data-id=\"9974b85\" data-element_type=\"widget\" data-e-type=\"widget\" data-widget_type=\"shortcode.default\">\n\t\t\t\t<div class=\"elementor-widget-container\">\n\t\t\t\t\t\t\t<div class=\"elementor-shortcode\"><div class=\"forminator-ui forminator-custom-form forminator-custom-form-580 forminator-design--flat  forminator_ajax\" data-forminator-render=\"0\" data-form=\"forminator-module-580\" data-uid=\"69e05b99a6f3c\"><br\/><\/div><form\n\t\t\t\tid=\"forminator-module-580\"\n\t\t\t\tclass=\"forminator-ui forminator-custom-form forminator-custom-form-580 forminator-design--flat  forminator_ajax\"\n\t\t\t\tmethod=\"post\"\n\t\t\t\tdata-forminator-render=\"0\"\n\t\t\t\tdata-form-id=\"580\"\n\t\t\t\t data-color-option=\"default\" data-design=\"flat\" data-grid=\"open\" style=\"display: none;\"\n\t\t\t\tdata-uid=\"69e05b99a6f3c\" action=\"\"\n\t\t\t><div role=\"alert\" aria-live=\"polite\" class=\"forminator-response-message forminator-error\" aria-hidden=\"true\"><\/div><div class=\"forminator-row\"><div id=\"name-1\" class=\"forminator-field-name forminator-col forminator-col-6\"><div class=\"forminator-field\"><label for=\"forminator-field-name-1_69e05b99a6f3c\" id=\"forminator-field-name-1_69e05b99a6f3c-label\" class=\"forminator-label\">\u0130sim Soyisim <span class=\"forminator-required\">*<\/span><\/label><input type=\"text\" name=\"name-1\" value=\"\" placeholder=\"\u00f6rne\u011fin Can\" id=\"forminator-field-name-1_69e05b99a6f3c\" class=\"forminator-input forminator-name--field\" aria-required=\"true\" autocomplete=\"name\" \/><\/div><\/div><div id=\"email-1\" class=\"forminator-field-email forminator-col forminator-col-6\"><div class=\"forminator-field\"><label for=\"forminator-field-email-1_69e05b99a6f3c\" id=\"forminator-field-email-1_69e05b99a6f3c-label\" class=\"forminator-label\">E-posta Adresi <span class=\"forminator-required\">*<\/span><\/label><input type=\"email\" name=\"email-1\" value=\"\" placeholder=\"\u00f6r. john@doe.com\" id=\"forminator-field-email-1_69e05b99a6f3c\" class=\"forminator-input forminator-email--field\" data-required=\"true\" aria-required=\"true\" autocomplete=\"email\" \/><\/div><\/div><\/div><div class=\"forminator-row\"><div id=\"phone-1\" class=\"forminator-field-phone forminator-col forminator-col-6\"><div class=\"forminator-field\"><label for=\"forminator-field-phone-1_69e05b99a6f3c\" id=\"forminator-field-phone-1_69e05b99a6f3c-label\" class=\"forminator-label\">Telefon numaras\u0131 <span class=\"forminator-required\">*<\/span><\/label><input type=\"text\" name=\"phone-1\" value=\"\" placeholder=\"\u00d6rne\u011fin +1 3004005000\" id=\"forminator-field-phone-1_69e05b99a6f3c\" class=\"forminator-input forminator-field--phone\" data-required=\"1\" aria-required=\"true\" autocomplete=\"off\" data-validation=\"1\" \/><\/div><\/div><div id=\"date-1\" class=\"forminator-field-date forminator-col forminator-col-6\"><div class=\"forminator-field\"><label for=\"forminator-field-date-1-picker_69e05b99a6f3c\" id=\"forminator-field-date-1-picker_69e05b99a6f3c-label\" class=\"forminator-label\">Tarih <span class=\"forminator-required\">*<\/span><\/label><input autocomplete=\"off\" type=\"text\" size=\"1\" name=\"date-1\" value=\"\" placeholder=\"Tarih Se\u00e7\" id=\"forminator-field-date-1-picker_69e05b99a6f3c\" class=\"forminator-input forminator-datepicker\" data-required=\"1\" data-format=\"dd\/mm\/yy\" data-restrict-type=\"\" data-restrict=\"\" data-start-year=\"1926\" data-end-year=\"2126\" data-past-dates=\"enable\" data-start-of-week=\"1\" data-start-date=\"\" data-end-date=\"\" data-start-field=\"\" data-end-field=\"\" data-start-offset=\"\" data-end-offset=\"\" data-disable-date=\"\" data-disable-range=\"\" \/><\/div><\/div><\/div><div class=\"forminator-row\"><div id=\"select-1\" class=\"forminator-field-select forminator-col forminator-col-6\"><div class=\"forminator-field\"><label for=\"forminator-form-580__field--select-1_69e05b99a6f3c\" id=\"forminator-form-580__field--select-1_69e05b99a6f3c-label\" class=\"forminator-label\">Se\u00e7iniz <span class=\"forminator-required\">*<\/span><\/label><select  id=\"forminator-form-580__field--select-1_69e05b99a6f3c\" class=\"forminator-select--field forminator-select2 forminator-select2-multiple\" data-required=\"1\" name=\"select-1\" data-default-value=\"\" data-placeholder=\"Please Select Vehcile\" data-search=\"false\" data-search-placeholder=\"Please Select Vehcile\" data-checkbox=\"false\" data-allow-clear=\"false\" aria-labelledby=\"forminator-form-580__field--select-1_69e05b99a6f3c-label\"><option value=\"\"  >L\u00fctfen Ara\u00e7 Se\u00e7iniz<\/option><option value=\"MERCEDES-VITO\"  data-calculation=\"80\">MERCEDES V\u0130TO<\/option><option value=\"SUZUKI-SAMURAI\"  data-calculation=\"50\">SUZUKI SAMURAY<\/option><option value=\"DACIA-LODGY\"  data-calculation=\"50\">DACIA LODGY<\/option><option value=\"FIAT-EGEA\"  data-calculation=\"30\">FIAT EGEA SEDAN<\/option><option value=\"RENAULT-FLUENCE\"  data-calculation=\"45\">FIAT EGEA CROSS OTOMAT\u0130K<\/option><option value=\"DACIA-DUSTER\"  data-calculation=\"45\">DACIA DUSTER<\/option><option value=\"OPEL-INSIGNIA-AUTOMATIC\"  data-calculation=\"40\">RENAULT CLIO<\/option><option value=\"RENAULT-MEGANE-4-AUTOMATIC\"  data-calculation=\"50\">RENAULT MEGANE 4 OTOMAT\u0130K<\/option><option value=\"ACCENT-BLUE-AUTOMATIC\"  data-calculation=\"100\">ATV SEGWAY 570cc<\/option><option value=\"SCODA-OCATAVIA\"  data-calculation=\"30\">TOYOTA COROLLA<\/option><option value=\"RENAULT-SYMBOL\"  data-calculation=\"30\">RENAULT SEMBOL\u00dc<\/option><option value=\"FORD-FOCUS-AUTOMATIC\"  data-calculation=\"35\">FIAT EGEA CROSS MANUEL<\/option><\/select><\/div><\/div><div id=\"number-1\" class=\"forminator-field-number forminator-col forminator-col-6\"><div class=\"forminator-field\"><label for=\"forminator-field-number-1_69e05b99a6f3c\" id=\"forminator-field-number-1_69e05b99a6f3c-label\" class=\"forminator-label\">G\u00fcn say\u0131s\u0131 <span class=\"forminator-required\">*<\/span><\/label><input name=\"number-1\" value=\"3\" placeholder=\"\" id=\"forminator-field-number-1_69e05b99a6f3c\" class=\"forminator-input forminator-number--field\" inputmode=\"decimal\" data-required=\"1\" data-decimals=\"0\" aria-required=\"true\" data-inputmask=\"&#039;groupSeparator&#039;: &#039;&#039;, &#039;radixPoint&#039;: &#039;&#039;, &#039;digits&#039;: &#039;0&#039;\" type=\"number\" step=\"any\" min=\"3\" max=\"150\" aria-describedby=\"forminator-field-number-1_69e05b99a6f3c-description\" \/><span id=\"forminator-field-number-1_69e05b99a6f3c-description\" class=\"forminator-description\">*L\u00fctfen dikkat: Ara\u00e7 kiralama politikam\u0131z minimum 3 g\u00fcnl\u00fck kiralama s\u00fcresini esas almaktad\u0131r. Bu nedenle 3 g\u00fcnden az s\u00fcreli kiralamalar\u0131 kabul edemiyoruz. Anlay\u0131\u015f\u0131n\u0131z i\u00e7in te\u015fekk\u00fcr ederiz.<\/span><\/div><\/div><\/div><div class=\"forminator-row\"><div id=\"radio-1\" class=\"forminator-field-radio forminator-col forminator-col-12\"><div role=\"radiogroup\" class=\"forminator-field\" aria-labelledby=\"forminator-radiogroup-radio-1-69e05b99a6f3c-label\"><span id=\"forminator-radiogroup-radio-1-69e05b99a6f3c-label\" class=\"forminator-label\">\u0130ste\u011fe ba\u011fl\u0131 <span class=\"forminator-required\">*<\/span><\/span><label id=\"forminator-field-radio-1-label-1\" for=\"forminator-field-radio-1-1-69e05b99a6f3c\" class=\"forminator-radio\" title=\"\u00c7ocuk Koltu\u011fu \u0130stiyorum\"><input type=\"radio\" name=\"radio-1\" value=\"Child-Seat\" id=\"forminator-field-radio-1-1-69e05b99a6f3c\" aria-labelledby=\"forminator-field-radio-1-label-1\" data-calculation=\"5\"  \/><span class=\"forminator-radio-bullet\" aria-hidden=\"true\"><\/span><span class=\"forminator-radio-label\">\u00c7ocuk Koltu\u011fu \u0130stiyorum<\/span><\/label><label id=\"forminator-field-radio-1-label-2\" for=\"forminator-field-radio-1-2-69e05b99a6f3c\" class=\"forminator-radio\" title=\"\u00c7ocuk Koltu\u011fu istemiyorum\"><input type=\"radio\" name=\"radio-1\" value=\"I-don&#039;t-want-a-Child-Seat\" id=\"forminator-field-radio-1-2-69e05b99a6f3c\" aria-labelledby=\"forminator-field-radio-1-label-2\" data-calculation=\"0\"  \/><span class=\"forminator-radio-bullet\" aria-hidden=\"true\"><\/span><span class=\"forminator-radio-label\">\u00c7ocuk Koltu\u011fu istemiyorum<\/span><\/label><\/div><\/div><\/div><div class=\"forminator-row\"><div id=\"radio-2\" class=\"forminator-field-radio forminator-col forminator-col-12\"><div role=\"radiogroup\" class=\"forminator-field\" aria-labelledby=\"forminator-radiogroup-radio-2-69e05b99a6f3c-label\"><span id=\"forminator-radiogroup-radio-2-69e05b99a6f3c-label\" class=\"forminator-label\">Kar\u015f\u0131lama \/ Teslim Se\u00e7enekleri <span class=\"forminator-required\">*<\/span><\/span><label id=\"forminator-field-radio-2-label-1\" for=\"forminator-field-radio-2-1-69e05b99a6f3c\" class=\"forminator-radio\" title=\"Kalkan Al\u0131\u015f \/ Kalkan B\u0131rakma\"><input type=\"radio\" name=\"radio-2\" value=\"Kalkan-Pick-Up---Drop-Off\" id=\"forminator-field-radio-2-1-69e05b99a6f3c\" aria-labelledby=\"forminator-field-radio-2-label-1\" data-calculation=\"0\"  \/><span class=\"forminator-radio-bullet\" aria-hidden=\"true\"><\/span><span class=\"forminator-radio-label\">Kalkan Al\u0131\u015f \/ Kalkan B\u0131rakma<\/span><\/label><label id=\"forminator-field-radio-2-label-2\" for=\"forminator-field-radio-2-2-69e05b99a6f3c\" class=\"forminator-radio\" title=\"Dalaman Havaalan\u0131 Kar\u015f\u0131lama \/ Kalkan B\u0131rakma\"><input type=\"radio\" name=\"radio-2\" value=\"Dalaman Airport Pick Up \/ Kalkan Drop Off\" id=\"forminator-field-radio-2-2-69e05b99a6f3c\" aria-labelledby=\"forminator-field-radio-2-label-2\" data-calculation=\"15\"  \/><span class=\"forminator-radio-bullet\" aria-hidden=\"true\"><\/span><span class=\"forminator-radio-label\">Dalaman Havaalan\u0131 Kar\u015f\u0131lama \/ Kalkan B\u0131rakma<\/span><\/label><label id=\"forminator-field-radio-2-label-3\" for=\"forminator-field-radio-2-3-69e05b99a6f3c\" class=\"forminator-radio\" title=\"Kalkan Kar\u015f\u0131lama \/ Dalaman Havaalan\u0131na B\u0131rakma\"><input type=\"radio\" name=\"radio-2\" value=\"Kalkan Pick up \/ Dalaman Airport Drop Off\" id=\"forminator-field-radio-2-3-69e05b99a6f3c\" aria-labelledby=\"forminator-field-radio-2-label-3\" data-calculation=\"15\"  \/><span class=\"forminator-radio-bullet\" aria-hidden=\"true\"><\/span><span class=\"forminator-radio-label\">Kalkan Kar\u015f\u0131lama \/ Dalaman Havaalan\u0131na B\u0131rakma<\/span><\/label><label id=\"forminator-field-radio-2-label-4\" for=\"forminator-field-radio-2-4-69e05b99a6f3c\" class=\"forminator-radio\" title=\"Dalaman Havaalan\u0131 Kar\u015f\u0131lama \/ Dalaman Havaalan\u0131na B\u0131rakma\"><input type=\"radio\" name=\"radio-2\" value=\"Dalaman Airport Pick Up \/ Dalaman Airport Drop Off\" id=\"forminator-field-radio-2-4-69e05b99a6f3c\" aria-labelledby=\"forminator-field-radio-2-label-4\" data-calculation=\"30\"  \/><span class=\"forminator-radio-bullet\" aria-hidden=\"true\"><\/span><span class=\"forminator-radio-label\">Dalaman Havaalan\u0131 Kar\u015f\u0131lama \/ Dalaman Havaalan\u0131na B\u0131rakma<\/span><\/label><label id=\"forminator-field-radio-2-label-5\" for=\"forminator-field-radio-2-5-69e05b99a6f3c\" class=\"forminator-radio\" title=\"Antalya Havaliman\u0131 Kar\u015f\u0131lama\"><input type=\"radio\" name=\"radio-2\" value=\"Antalya-Airport-Pick-Up\" id=\"forminator-field-radio-2-5-69e05b99a6f3c\" aria-labelledby=\"forminator-field-radio-2-label-5\" data-calculation=\"40\"  \/><span class=\"forminator-radio-bullet\" aria-hidden=\"true\"><\/span><span class=\"forminator-radio-label\">Antalya Havaliman\u0131 Kar\u015f\u0131lama<\/span><\/label><label id=\"forminator-field-radio-2-label-6\" for=\"forminator-field-radio-2-6-69e05b99a6f3c\" class=\"forminator-radio\" title=\"Antalya Havaalan\u0131 B\u0131rakma\"><input type=\"radio\" name=\"radio-2\" value=\"Antalya-Airport-Drop-Off\" id=\"forminator-field-radio-2-6-69e05b99a6f3c\" aria-labelledby=\"forminator-field-radio-2-label-6\" data-calculation=\"40\"  \/><span class=\"forminator-radio-bullet\" aria-hidden=\"true\"><\/span><span class=\"forminator-radio-label\">Antalya Havaalan\u0131 B\u0131rakma<\/span><\/label><label id=\"forminator-field-radio-2-label-7\" for=\"forminator-field-radio-2-7-69e05b99a6f3c\" class=\"forminator-radio\" title=\"Antalya Havaliman\u0131 Kar\u015f\u0131lama \/ Antalya Havaliman\u0131 B\u0131rakma\"><input type=\"radio\" name=\"radio-2\" value=\"Antalya Airport Pick Up \/ Antalya Airport Drop Off\" id=\"forminator-field-radio-2-7-69e05b99a6f3c\" aria-labelledby=\"forminator-field-radio-2-label-7\" data-calculation=\"80\"  \/><span class=\"forminator-radio-bullet\" aria-hidden=\"true\"><\/span><span class=\"forminator-radio-label\">Antalya Havaliman\u0131 Kar\u015f\u0131lama \/ Antalya Havaliman\u0131 B\u0131rakma<\/span><\/label><\/div><\/div><\/div><div class=\"forminator-row\"><div id=\"calculation-2\" class=\"forminator-field-calculation forminator-col forminator-col-12\"><div class=\"forminator-field\"><label for=\"calculation-2-field_69e05b99a6f3c\" id=\"calculation-2-field_69e05b99a6f3c-label\" class=\"forminator-label\">Toplam tutar<\/label><div class=\"forminator-input forminator-input-with-prefix\"><span class=\"forminator-prefix\">\u00a3<\/span><input type=\"text\" name=\"calculation-2\" value=\"\" id=\"calculation-2-field_69e05b99a6f3c\" class=\"forminator-calculation\" data-formula=\"{select-1}*{number-1}+{radio-1}*{number-1}+{radio-2}\" data-required=\"\" data-decimal-point=\".\" data-precision=\"2\" data-is-hidden=\"\" disabled=\"disabled\" data-decimals=\"2\" data-inputmask=\"&#039;groupSeparator&#039;: &#039;&#039;, &#039;radixPoint&#039;: &#039;.&#039;, &#039;digits&#039;: &#039;2&#039;\" readonly=\"readonly\" \/><span class=\"forminator-suffix\"><\/span><\/div><\/div><\/div><\/div><input type=\"hidden\" name=\"referer_url\" value=\"\" \/><div class=\"forminator-row forminator-row-last\"><div class=\"forminator-col\"><div class=\"forminator-field\"><button class=\"forminator-button forminator-button-submit\">REZERVASYON<\/button><\/div><\/div><\/div><input type=\"hidden\" id=\"forminator_nonce\" name=\"forminator_nonce\" value=\"c631c5f2ce\" \/><input type=\"hidden\" name=\"_wp_http_referer\" value=\"\/tr\/wp-json\/wp\/v2\/pages\/603\" \/><input type=\"hidden\" name=\"form_id\" value=\"580\"><input type=\"hidden\" name=\"page_id\" value=\"603\"><input type=\"hidden\" name=\"form_type\" value=\"default\"><input type=\"hidden\" name=\"current_url\" value=\"https:\/\/www.definetours.com\/tr\/car-booking-form\/\"><input type=\"hidden\" name=\"render_id\" value=\"0\"><input type=\"hidden\" name=\"action\" value=\"forminator_submit_form_custom-forms\"><input type=\"hidden\" name=\"trp-form-language\" value=\"tr\"\/><\/form><\/div>\n\t\t\t\t\t\t<\/div>\n\t\t\t\t<\/div>\n\t\t\t\t\t<\/div>\n\t\t<\/div>\n\t\t\t\t\t<\/div>\n\t\t<\/section>\n\t\t\t\t<\/div>","protected":false},"excerpt":{"rendered":"<p>Ara\u00e7 Kiralama<\/p>","protected":false},"author":1,"featured_media":0,"parent":0,"menu_order":0,"comment_status":"closed","ping_status":"closed","template":"","meta":{"footnotes":""},"class_list":["post-603","page","type-page","status-publish","hentry"],"yoast_head":"<!-- This site is optimized with the Yoast SEO plugin v27.4 - https:\/\/yoast.com\/product\/yoast-seo-wordpress\/ -->\n<title>Car Booking Form - Define Tours<\/title>\n<meta name=\"robots\" content=\"index, follow, max-snippet:-1, max-image-preview:large, max-video-preview:-1\" \/>\n<link rel=\"canonical\" href=\"https:\/\/www.definetours.com\/tr\/car-booking-form\/\" \/>\n<meta property=\"og:locale\" content=\"tr_TR\" \/>\n<meta property=\"og:type\" content=\"article\" \/>\n<meta property=\"og:title\" content=\"Car Booking Form - Define Tours\" \/>\n<meta property=\"og:description\" content=\"Rent a Car\" \/>\n<meta property=\"og:url\" content=\"https:\/\/www.definetours.com\/tr\/car-booking-form\/\" \/>\n<meta property=\"og:site_name\" content=\"Define Tours\" \/>\n<meta property=\"article:publisher\" content=\"https:\/\/www.facebook.com\/define.tours\" \/>\n<meta property=\"article:modified_time\" content=\"2022-12-08T17:45:15+00:00\" \/>\n<meta name=\"twitter:card\" content=\"summary_large_image\" \/>\n<script type=\"application\/ld+json\" class=\"yoast-schema-graph\">{\"@context\":\"https:\\\/\\\/schema.org\",\"@graph\":[{\"@type\":\"WebPage\",\"@id\":\"https:\\\/\\\/www.definetours.com\\\/car-booking-form\\\/\",\"url\":\"https:\\\/\\\/www.definetours.com\\\/car-booking-form\\\/\",\"name\":\"Car Booking Form - Define Tours\",\"isPartOf\":{\"@id\":\"https:\\\/\\\/www.definetours.com\\\/tr\\\/#website\"},\"datePublished\":\"2022-07-12T05:50:42+00:00\",\"dateModified\":\"2022-12-08T17:45:15+00:00\",\"breadcrumb\":{\"@id\":\"https:\\\/\\\/www.definetours.com\\\/car-booking-form\\\/#breadcrumb\"},\"inLanguage\":\"tr\",\"potentialAction\":[{\"@type\":\"ReadAction\",\"target\":[\"https:\\\/\\\/www.definetours.com\\\/car-booking-form\\\/\"]}]},{\"@type\":\"BreadcrumbList\",\"@id\":\"https:\\\/\\\/www.definetours.com\\\/car-booking-form\\\/#breadcrumb\",\"itemListElement\":[{\"@type\":\"ListItem\",\"position\":1,\"name\":\"Home\",\"item\":\"https:\\\/\\\/www.definetours.com\\\/\"},{\"@type\":\"ListItem\",\"position\":2,\"name\":\"Car Booking Form\"}]},{\"@type\":\"WebSite\",\"@id\":\"https:\\\/\\\/www.definetours.com\\\/tr\\\/#website\",\"url\":\"https:\\\/\\\/www.definetours.com\\\/tr\\\/\",\"name\":\"Define Tours\",\"description\":\"Kalkan Define Tours\",\"publisher\":{\"@id\":\"https:\\\/\\\/www.definetours.com\\\/tr\\\/#organization\"},\"potentialAction\":[{\"@type\":\"SearchAction\",\"target\":{\"@type\":\"EntryPoint\",\"urlTemplate\":\"https:\\\/\\\/www.definetours.com\\\/tr\\\/?s={search_term_string}\"},\"query-input\":{\"@type\":\"PropertyValueSpecification\",\"valueRequired\":true,\"valueName\":\"search_term_string\"}}],\"inLanguage\":\"tr\"},{\"@type\":\"Organization\",\"@id\":\"https:\\\/\\\/www.definetours.com\\\/tr\\\/#organization\",\"name\":\"Define Tours\",\"url\":\"https:\\\/\\\/www.definetours.com\\\/tr\\\/\",\"logo\":{\"@type\":\"ImageObject\",\"inLanguage\":\"tr\",\"@id\":\"https:\\\/\\\/www.definetours.com\\\/tr\\\/#\\\/schema\\\/logo\\\/image\\\/\",\"url\":\"https:\\\/\\\/www.definetours.com\\\/wp-content\\\/uploads\\\/2022\\\/07\\\/logo-1.png\",\"contentUrl\":\"https:\\\/\\\/www.definetours.com\\\/wp-content\\\/uploads\\\/2022\\\/07\\\/logo-1.png\",\"width\":175,\"height\":88,\"caption\":\"Define Tours\"},\"image\":{\"@id\":\"https:\\\/\\\/www.definetours.com\\\/tr\\\/#\\\/schema\\\/logo\\\/image\\\/\"},\"sameAs\":[\"https:\\\/\\\/www.facebook.com\\\/define.tours\",\"https:\\\/\\\/www.instagram.com\\\/definetours\\\/\"]}]}<\/script>\n<!-- \/ Yoast SEO plugin. -->","yoast_head_json":{"title":"Araba Rezervasyon Formu - Define Tours","robots":{"index":"index","follow":"follow","max-snippet":"max-snippet:-1","max-image-preview":"max-image-preview:large","max-video-preview":"max-video-preview:-1"},"canonical":"https:\/\/www.definetours.com\/tr\/car-booking-form\/","og_locale":"tr_TR","og_type":"article","og_title":"Car Booking Form - Define Tours","og_description":"Rent a Car","og_url":"https:\/\/www.definetours.com\/tr\/car-booking-form\/","og_site_name":"Define Tours","article_publisher":"https:\/\/www.facebook.com\/define.tours","article_modified_time":"2022-12-08T17:45:15+00:00","twitter_card":"summary_large_image","schema":{"@context":"https:\/\/schema.org","@graph":[{"@type":"WebPage","@id":"https:\/\/www.definetours.com\/car-booking-form\/","url":"https:\/\/www.definetours.com\/car-booking-form\/","name":"Araba Rezervasyon Formu - Define Tours","isPartOf":{"@id":"https:\/\/www.definetours.com\/tr\/#website"},"datePublished":"2022-07-12T05:50:42+00:00","dateModified":"2022-12-08T17:45:15+00:00","breadcrumb":{"@id":"https:\/\/www.definetours.com\/car-booking-form\/#breadcrumb"},"inLanguage":"tr","potentialAction":[{"@type":"ReadAction","target":["https:\/\/www.definetours.com\/car-booking-form\/"]}]},{"@type":"BreadcrumbList","@id":"https:\/\/www.definetours.com\/car-booking-form\/#breadcrumb","itemListElement":[{"@type":"ListItem","position":1,"name":"Home","item":"https:\/\/www.definetours.com\/"},{"@type":"ListItem","position":2,"name":"Car Booking Form"}]},{"@type":"WebSite","@id":"https:\/\/www.definetours.com\/tr\/#website","url":"https:\/\/www.definetours.com\/tr\/","name":"Define Tours","description":"Kalkan Define Tours","publisher":{"@id":"https:\/\/www.definetours.com\/tr\/#organization"},"potentialAction":[{"@type":"SearchAction","target":{"@type":"EntryPoint","urlTemplate":"https:\/\/www.definetours.com\/tr\/?s={search_term_string}"},"query-input":{"@type":"PropertyValueSpecification","valueRequired":true,"valueName":"search_term_string"}}],"inLanguage":"tr"},{"@type":"Organization","@id":"https:\/\/www.definetours.com\/tr\/#organization","name":"Define Tours","url":"https:\/\/www.definetours.com\/tr\/","logo":{"@type":"ImageObject","inLanguage":"tr","@id":"https:\/\/www.definetours.com\/tr\/#\/schema\/logo\/image\/","url":"https:\/\/www.definetours.com\/wp-content\/uploads\/2022\/07\/logo-1.png","contentUrl":"https:\/\/www.definetours.com\/wp-content\/uploads\/2022\/07\/logo-1.png","width":175,"height":88,"caption":"Define Tours"},"image":{"@id":"https:\/\/www.definetours.com\/tr\/#\/schema\/logo\/image\/"},"sameAs":["https:\/\/www.facebook.com\/define.tours","https:\/\/www.instagram.com\/definetours\/"]}]}},"_links":{"self":[{"href":"https:\/\/www.definetours.com\/tr\/wp-json\/wp\/v2\/pages\/603","targetHints":{"allow":["GET"]}}],"collection":[{"href":"https:\/\/www.definetours.com\/tr\/wp-json\/wp\/v2\/pages"}],"about":[{"href":"https:\/\/www.definetours.com\/tr\/wp-json\/wp\/v2\/types\/page"}],"author":[{"embeddable":true,"href":"https:\/\/www.definetours.com\/tr\/wp-json\/wp\/v2\/users\/1"}],"replies":[{"embeddable":true,"href":"https:\/\/www.definetours.com\/tr\/wp-json\/wp\/v2\/comments?post=603"}],"version-history":[{"count":14,"href":"https:\/\/www.definetours.com\/tr\/wp-json\/wp\/v2\/pages\/603\/revisions"}],"predecessor-version":[{"id":914,"href":"https:\/\/www.definetours.com\/tr\/wp-json\/wp\/v2\/pages\/603\/revisions\/914"}],"wp:attachment":[{"href":"https:\/\/www.definetours.com\/tr\/wp-json\/wp\/v2\/media?parent=603"}],"curies":[{"name":"wp","href":"https:\/\/api.w.org\/{rel}","templated":true}]}}